{"id":16,"date":"2024-06-16T20:40:05","date_gmt":"2024-06-16T18:40:05","guid":{"rendered":"https:\/\/www.vertex-elagage.com\/?page_id=16"},"modified":"2024-06-17T13:52:05","modified_gmt":"2024-06-17T11:52:05","slug":"abattage-demontage","status":"publish","type":"page","link":"https:\/\/www.vertex-elagage.com\/index.php\/abattage-demontage\/","title":{"rendered":"Abattage &amp; D\u00e9montage"},"content":{"rendered":"\n<p class=\"has-text-align-left\">Malheureusement, certains arbres peuvent devenir dangereux pour les biens et les personnes autour d\u2019eux. Chez Vertex \u00c9lagage ce n\u2019est jamais par plaisir que nous abattons un arbre. Lors d\u2019un devis nous prendrons le temps d\u2019analyser, ensemble, les diff\u00e9rents \u00e9l\u00e9ments afin d\u2019effectuer le meilleur choix possible. En cas d\u2019abattage, il faut avant tout garantir la s\u00e9curit\u00e9 des travailleurs mais \u00e9galement des biens et de la v\u00e9g\u00e9tation environnants. Ainsi certains arbres peuvent \u00eatre abattus en une pi\u00e8ce et d\u2019autres n\u00e9cessitent un d\u00e9montages en petits tron\u00e7ons. Sur sa corde, l\u2019arboriste professionnel, peut acc\u00e9der \u00e0 moindre co\u00fbt \u00e0 n\u2019importe quelle partie de l\u2019arbre et effectuer un d\u00e9montage dans les r\u00e8gles de l\u2019art.<\/p>\n\n\n\n<p>Certaines situations n\u00e9cessitent l\u2019utilisation de techniques sp\u00e9cifiques comme la r\u00e9tention de branches, le mouflage ou encore la mise en place de tyroliennes de d\u00e9montage.<\/p>\n","protected":false},"excerpt":{"rendered":"<p>Malheureusement, certains arbres peuvent devenir dangereux pour les biens et les personnes autour d\u2019eux. Chez Vertex \u00c9lagage ce n\u2019est jamais par plaisir que nous abattons un arbre. Lors d\u2019un devis nous prendrons le temps d\u2019analyser, ensemble, les diff\u00e9rents \u00e9l\u00e9ments afin d\u2019effectuer le meilleur choix possible. En cas d\u2019abattage, il faut avant tout garantir la s\u00e9curit\u00e9&hellip; <a class=\"more-link\" href=\"https:\/\/www.vertex-elagage.com\/index.php\/abattage-demontage\/\">Poursuivre la lecture <span class=\"screen-reader-text\">Abattage &amp; D\u00e9montage<\/span><\/a><\/p>\n","protected":false},"author":2,"featured_media":58,"parent":0,"menu_order":0,"comment_status":"closed","ping_status":"closed","template":"","meta":{"footnotes":""},"class_list":["post-16","page","type-page","status-publish","has-post-thumbnail","hentry","entry"],"_links":{"self":[{"href":"https:\/\/www.vertex-elagage.com\/index.php\/wp-json\/wp\/v2\/pages\/16","targetHints":{"allow":["GET"]}}],"collection":[{"href":"https:\/\/www.vertex-elagage.com\/index.php\/wp-json\/wp\/v2\/pages"}],"about":[{"href":"https:\/\/www.vertex-elagage.com\/index.php\/wp-json\/wp\/v2\/types\/page"}],"author":[{"embeddable":true,"href":"https:\/\/www.vertex-elagage.com\/index.php\/wp-json\/wp\/v2\/users\/2"}],"replies":[{"embeddable":true,"href":"https:\/\/www.vertex-elagage.com\/index.php\/wp-json\/wp\/v2\/comments?post=16"}],"version-history":[{"count":6,"href":"https:\/\/www.vertex-elagage.com\/index.php\/wp-json\/wp\/v2\/pages\/16\/revisions"}],"predecessor-version":[{"id":190,"href":"https:\/\/www.vertex-elagage.com\/index.php\/wp-json\/wp\/v2\/pages\/16\/revisions\/190"}],"wp:featuredmedia":[{"embeddable":true,"href":"https:\/\/www.vertex-elagage.com\/index.php\/wp-json\/wp\/v2\/media\/58"}],"wp:attachment":[{"href":"https:\/\/www.vertex-elagage.com\/index.php\/wp-json\/wp\/v2\/media?parent=16"}],"curies":[{"name":"wp","href":"https:\/\/api.w.org\/{rel}","templated":true}]}}