{"id":63,"date":"2024-06-16T20:42:30","date_gmt":"2024-06-16T18:42:30","guid":{"rendered":"https:\/\/www.vertex-elagage.com\/?page_id=63"},"modified":"2025-01-08T13:53:27","modified_gmt":"2025-01-08T12:53:27","slug":"broyage","status":"publish","type":"page","link":"https:\/\/www.vertex-elagage.com\/index.php\/broyage\/","title":{"rendered":"Broyage &amp; \u00c9vacuation"},"content":{"rendered":"\n<p>Sp\u00e9cialiste des arbres, nous sommes habitu\u00e9s \u00e0 g\u00e9rer le bois au sol.<\/p>\n\n\n\n<p>Avec un broyeur professionnel, nous pouvons transformer vos branches en copeaux tr\u00e8s utiles pour vos parterres ou \u00e0 disposer au pieds de vos arbres.<\/p>\n\n\n\n<p>Nous pouvons revaloriser votre gros bois en bois de chauffage ou tout simplement vous l\u2019\u00e9vacuer si n\u00e9cessaire.<\/p>\n\n\n\n<p>Nous collaborons r\u00e9guli\u00e8rement avec des scieries locales pour revaloriser votre bois en planches.<\/p>\n\n\n\n<p>Quel que soit l\u2019acc\u00e8s \u00e0 votre jardin, il existe des solutions pour revaloriser votre bois ou l\u2019\u00e9vacuer.<\/p>\n\n\n\n<p>N\u2019h\u00e9sitez pas \u00e0 nous contacter.<\/p>\n","protected":false},"excerpt":{"rendered":"<p>Sp\u00e9cialiste des arbres, nous sommes habitu\u00e9s \u00e0 g\u00e9rer le bois au sol. Avec un broyeur professionnel, nous pouvons transformer vos branches en copeaux tr\u00e8s utiles pour vos parterres ou \u00e0 disposer au pieds de vos arbres. Nous pouvons revaloriser votre gros bois en bois de chauffage ou tout simplement vous l\u2019\u00e9vacuer si n\u00e9cessaire. Nous collaborons&hellip; <a class=\"more-link\" href=\"https:\/\/www.vertex-elagage.com\/index.php\/broyage\/\">Poursuivre la lecture <span class=\"screen-reader-text\">Broyage &amp; \u00c9vacuation<\/span><\/a><\/p>\n","protected":false},"author":2,"featured_media":153,"parent":0,"menu_order":0,"comment_status":"closed","ping_status":"closed","template":"","meta":{"footnotes":""},"class_list":["post-63","page","type-page","status-publish","has-post-thumbnail","hentry","entry"],"_links":{"self":[{"href":"https:\/\/www.vertex-elagage.com\/index.php\/wp-json\/wp\/v2\/pages\/63","targetHints":{"allow":["GET"]}}],"collection":[{"href":"https:\/\/www.vertex-elagage.com\/index.php\/wp-json\/wp\/v2\/pages"}],"about":[{"href":"https:\/\/www.vertex-elagage.com\/index.php\/wp-json\/wp\/v2\/types\/page"}],"author":[{"embeddable":true,"href":"https:\/\/www.vertex-elagage.com\/index.php\/wp-json\/wp\/v2\/users\/2"}],"replies":[{"embeddable":true,"href":"https:\/\/www.vertex-elagage.com\/index.php\/wp-json\/wp\/v2\/comments?post=63"}],"version-history":[{"count":3,"href":"https:\/\/www.vertex-elagage.com\/index.php\/wp-json\/wp\/v2\/pages\/63\/revisions"}],"predecessor-version":[{"id":194,"href":"https:\/\/www.vertex-elagage.com\/index.php\/wp-json\/wp\/v2\/pages\/63\/revisions\/194"}],"wp:featuredmedia":[{"embeddable":true,"href":"https:\/\/www.vertex-elagage.com\/index.php\/wp-json\/wp\/v2\/media\/153"}],"wp:attachment":[{"href":"https:\/\/www.vertex-elagage.com\/index.php\/wp-json\/wp\/v2\/media?parent=63"}],"curies":[{"name":"wp","href":"https:\/\/api.w.org\/{rel}","templated":true}]}}