{"id":67,"date":"2024-06-16T20:44:05","date_gmt":"2024-06-16T18:44:05","guid":{"rendered":"https:\/\/www.vertex-elagage.com\/?page_id=67"},"modified":"2024-06-17T12:34:17","modified_gmt":"2024-06-17T10:34:17","slug":"elagage","status":"publish","type":"page","link":"https:\/\/www.vertex-elagage.com\/index.php\/elagage\/","title":{"rendered":"\u00c9lagage"},"content":{"rendered":"\n<p>\u00c9lagage.<\/p>\n\n\n\n<p>Dans la nature, les arbres se d\u00e9brouillent tr\u00e8s bien sans l\u2019intervention de l\u2019homme. En revanche, l\u2019arbre proche d\u2019une maison, d\u2019un c\u00e2ble \u00e9lectrique, ou se situant dans un lieu public peut n\u00e9cessiter l\u2019intervention d\u2019un professionnel. Chez Vertex, nous sommes form\u00e9s \u00e0 la taille douce et nous cherchons toujours le compromis entre l\u2019arbre et l\u2019Homme. Concr\u00e8tement, la taille douce implique de couper des sections de faible diam\u00e8tre en effectuant des traits de coupes propices \u00e0 la formation d\u2019un bourrelet cicatriciel. Il est \u00e9galement important de ne jamais retirer plus d\u2019un tiers de la masse folique de l\u2019arbre lors d\u2019une taille en vert par exemple.<\/p>\n\n\n\n<p>Pour bien comprendre, il existe diff\u00e9rentes mani\u00e8res de tailler un arbre et chaque mani\u00e8re doit \u00eatre adapt\u00e9e \u00e0 l\u2019essence et aux contraintes environnantes du sujet. Sans rentrer dans les d\u00e9tails trop techniques voici quelques exemples de tailles&nbsp;:<\/p>\n\n\n\n<p>1. <strong>L<\/strong><strong>a taille de s\u00e9curisation<\/strong> consiste \u00e0 retirer les branches mortes de l\u2019arbre afin d\u2019\u00e9viter la chute de celles-ci sur des biens ou des personnes. Elle peut s\u2019effectuer toute l\u2019ann\u00e9e sauf pendant la p\u00e9riode de d\u00e9bourrage et de migration des oiseaux. Si l\u2019arboriste remarque une faiblesse m\u00e9canique (\u00e9corce incluse ou autre) la pause d\u2019un hauban ou la coupe de certaines branches peuvent \u00e9galement \u00eatre r\u00e9alis\u00e9s.<\/p>\n\n\n\n<p>2. <strong>L<\/strong><strong>a taille d\u2019adaptation<\/strong> consiste \u00e0 adapter ou modifier le volume de l\u2019arbre pour faire face \u00e0 une contrainte environnante sans en modifier sa forme global.<\/p>\n\n\n\n<p>3. <strong>La taille d\u2019\u00e9claircissement <\/strong>consiste \u00e0 retirer plusieurs branches pour laisser passer plus de lumi\u00e8re \u00e0 l\u2019int\u00e9rieur de l\u2019arbre. Il est important de bien s\u00e9lectionner les branches \u00e0 retirer au sein du houppier pour \u00e9viter la pousse de rejets qui pourraient faire contre-emplois.<\/p>\n\n\n\n<p>4. <strong>La taille architectur\u00e9e<\/strong> ou <strong>la <\/strong><strong>taille de formation<\/strong> (\u00e9galement appel\u00e9e t\u00eatard ou t\u00eate de chat) consiste \u00e0 ma\u00eetriser la croissance et la forme de l\u2019arbre car l\u2019environnement de celui-ci ne permettra pas \u00e0 l\u2019arbre de se d\u00e9velopper librement. Elle doit se pr\u00e9voir d\u00e8s la plantation car elle doit s\u2019effectuer sur des sujets JEUNES. Elle permet de conserver des arbres dans des endroits tr\u00e8s restreints avec beaucoup de contraintes environnantes (largeur et hauteur). En revanche, elle demande un entretient fr\u00e9quent et r\u00e9gulier souvent co\u00fbteux pour les collectivit\u00e9s et les particuliers. Malheureusement, cette taille est trop souvent r\u00e9alis\u00e9e \u00e0 mauvais escient par les acteurs du paysage sur des sujets d\u00e9j\u00e0 trop vieux, sur des arbres ne supportant pas ce genre de taille ou encore tout simplement des arbres qui ont la place pour rester en port libre. Pourquoi&nbsp;? Pour revenir r\u00e9guli\u00e8rement vous facturer l\u2019entretient, par facilit\u00e9 d\u2019acc\u00e8s avec une nacelle, par manque de connaissance du v\u00e9g\u00e9tal ou tout simplement par habitude dans certaines r\u00e9gions. Heureusement, les choses \u00e9voluent dans le bon sens et les arboristes form\u00e9s \u00e0 la taille douce sensibilisent de plus en plus les particuliers, les collectivit\u00e9s et les acteurs du paysages aux effets n\u00e9fastes des tailles s\u00e9v\u00e8res sur le patrimoine arbor\u00e9 fran\u00e7ais.<\/p>\n\n\n\n<p>Pour plus d\u2019informations n\u2019h\u00e9sitez pas \u00e0 consulter le site de la Soci\u00e9t\u00e9 Fran\u00e7aise d\u2019Arboriculture.<\/p>\n\n\n\n<p><strong>5. La taille sanitaire<\/strong> consiste \u00e0 retirer les parties de l\u2019arbre atteintes par des maladies ou autres (ravageurs, plantes parasites, chancres, champignons,etc.)<\/p>\n","protected":false},"excerpt":{"rendered":"<p>\u00c9lagage. Dans la nature, les arbres se d\u00e9brouillent tr\u00e8s bien sans l\u2019intervention de l\u2019homme. En revanche, l\u2019arbre proche d\u2019une maison, d\u2019un c\u00e2ble \u00e9lectrique, ou se situant dans un lieu public peut n\u00e9cessiter l\u2019intervention d\u2019un professionnel. Chez Vertex, nous sommes form\u00e9s \u00e0 la taille douce et nous cherchons toujours le compromis entre l\u2019arbre et l\u2019Homme. Concr\u00e8tement,&hellip; <a class=\"more-link\" href=\"https:\/\/www.vertex-elagage.com\/index.php\/elagage\/\">Poursuivre la lecture <span class=\"screen-reader-text\">\u00c9lagage<\/span><\/a><\/p>\n","protected":false},"author":2,"featured_media":83,"parent":0,"menu_order":0,"comment_status":"closed","ping_status":"closed","template":"","meta":{"footnotes":""},"class_list":["post-67","page","type-page","status-publish","has-post-thumbnail","hentry","entry"],"_links":{"self":[{"href":"https:\/\/www.vertex-elagage.com\/index.php\/wp-json\/wp\/v2\/pages\/67","targetHints":{"allow":["GET"]}}],"collection":[{"href":"https:\/\/www.vertex-elagage.com\/index.php\/wp-json\/wp\/v2\/pages"}],"about":[{"href":"https:\/\/www.vertex-elagage.com\/index.php\/wp-json\/wp\/v2\/types\/page"}],"author":[{"embeddable":true,"href":"https:\/\/www.vertex-elagage.com\/index.php\/wp-json\/wp\/v2\/users\/2"}],"replies":[{"embeddable":true,"href":"https:\/\/www.vertex-elagage.com\/index.php\/wp-json\/wp\/v2\/comments?post=67"}],"version-history":[{"count":2,"href":"https:\/\/www.vertex-elagage.com\/index.php\/wp-json\/wp\/v2\/pages\/67\/revisions"}],"predecessor-version":[{"id":155,"href":"https:\/\/www.vertex-elagage.com\/index.php\/wp-json\/wp\/v2\/pages\/67\/revisions\/155"}],"wp:featuredmedia":[{"embeddable":true,"href":"https:\/\/www.vertex-elagage.com\/index.php\/wp-json\/wp\/v2\/media\/83"}],"wp:attachment":[{"href":"https:\/\/www.vertex-elagage.com\/index.php\/wp-json\/wp\/v2\/media?parent=67"}],"curies":[{"name":"wp","href":"https:\/\/api.w.org\/{rel}","templated":true}]}}