{"id":73,"date":"2024-06-16T20:45:51","date_gmt":"2024-06-16T18:45:51","guid":{"rendered":"https:\/\/www.vertex-elagage.com\/?page_id=73"},"modified":"2024-06-17T12:38:01","modified_gmt":"2024-06-17T10:38:01","slug":"haubannage","status":"publish","type":"page","link":"https:\/\/www.vertex-elagage.com\/index.php\/haubannage\/","title":{"rendered":"Haubanage"},"content":{"rendered":"\n<p>Haubanage<\/p>\n\n\n\n<p>L\u2019 haubanage permet de s\u00e9curiser votre arbre sans l\u2019ab\u00eemer. En effet, lorsque votre arbre pr\u00e9sente une faiblesse m\u00e9canique, nous pouvons proc\u00e9der \u00e0 la pose d\u2019un hauban pour consolider la partie \u00e0 risque de celui-ci avec un cordage sp\u00e9cifique qui va relier une partie fragile de l\u2019arbre \u00e0 une partie plus solide.<\/p>\n\n\n\n<p>La pose d\u2019un hauban peut s\u2019effectuer toute l\u2019ann\u00e9e.<\/p>\n\n\n\n<p>Chez Vertex, nous ma\u00eetrisons la pose de haubans dynamiques qui poss\u00e8dent des t\u00e9moins d\u2019usure. Ainsi, nous pouvons facilement contr\u00f4ler l\u2019usure de ceux-ci et les remplacer si n\u00e9cessaire.<\/p>\n","protected":false},"excerpt":{"rendered":"<p>Haubanage L\u2019 haubanage permet de s\u00e9curiser votre arbre sans l\u2019ab\u00eemer. En effet, lorsque votre arbre pr\u00e9sente une faiblesse m\u00e9canique, nous pouvons proc\u00e9der \u00e0 la pose d\u2019un hauban pour consolider la partie \u00e0 risque de celui-ci avec un cordage sp\u00e9cifique qui va relier une partie fragile de l\u2019arbre \u00e0 une partie plus solide. La pose d\u2019un&hellip; <a class=\"more-link\" href=\"https:\/\/www.vertex-elagage.com\/index.php\/haubannage\/\">Poursuivre la lecture <span class=\"screen-reader-text\">Haubanage<\/span><\/a><\/p>\n","protected":false},"author":2,"featured_media":150,"parent":0,"menu_order":0,"comment_status":"closed","ping_status":"closed","template":"","meta":{"footnotes":""},"class_list":["post-73","page","type-page","status-publish","has-post-thumbnail","hentry","entry"],"_links":{"self":[{"href":"https:\/\/www.vertex-elagage.com\/index.php\/wp-json\/wp\/v2\/pages\/73","targetHints":{"allow":["GET"]}}],"collection":[{"href":"https:\/\/www.vertex-elagage.com\/index.php\/wp-json\/wp\/v2\/pages"}],"about":[{"href":"https:\/\/www.vertex-elagage.com\/index.php\/wp-json\/wp\/v2\/types\/page"}],"author":[{"embeddable":true,"href":"https:\/\/www.vertex-elagage.com\/index.php\/wp-json\/wp\/v2\/users\/2"}],"replies":[{"embeddable":true,"href":"https:\/\/www.vertex-elagage.com\/index.php\/wp-json\/wp\/v2\/comments?post=73"}],"version-history":[{"count":2,"href":"https:\/\/www.vertex-elagage.com\/index.php\/wp-json\/wp\/v2\/pages\/73\/revisions"}],"predecessor-version":[{"id":159,"href":"https:\/\/www.vertex-elagage.com\/index.php\/wp-json\/wp\/v2\/pages\/73\/revisions\/159"}],"wp:featuredmedia":[{"embeddable":true,"href":"https:\/\/www.vertex-elagage.com\/index.php\/wp-json\/wp\/v2\/media\/150"}],"wp:attachment":[{"href":"https:\/\/www.vertex-elagage.com\/index.php\/wp-json\/wp\/v2\/media?parent=73"}],"curies":[{"name":"wp","href":"https:\/\/api.w.org\/{rel}","templated":true}]}}